{"id":860,"date":"2019-03-04T17:35:11","date_gmt":"2019-03-04T17:35:11","guid":{"rendered":"http:\/\/lara-golf.de\/?page_id=860"},"modified":"2026-04-05T13:17:33","modified_gmt":"2026-04-05T13:17:33","slug":"golfreisen","status":"publish","type":"page","link":"https:\/\/lara-golf.de\/?page_id=860","title":{"rendered":"Golfreisen"},"content":{"rendered":"<section class=\"wpb-content-wrapper\"><p>[vc_row][vc_column][vc_column_text][vc_row][vc_column width=&#8220;1\/1&#8243;][vc_column_text][\/vc_column_text][\/vc_column][\/vc_row][vc_row][vc_column][vc_column_text]<big><strong>Ausgesuchte Reiseziele, unterschiedliche Themenschwerpunkte und ein rundum organisierter Golfurlaub lassen keine W\u00fcnsche offen.<\/strong><br \/>\n<\/big><\/p>\n<p>In 2026 geht es gemeinsam mit meiner Mutter Claudia, ebenfalls PGA Proette, zu vielen unterschiedlichen Golfdestinationen. Die einzigartige Kombination von Mutter und Tochter in diesem Beruf, verspricht bereits jetzt schon ein tolles und lehrreiches Golf-Reisevergn\u00fcgen.<\/p>\n<p>Die Golfreisen sind in Trainingsreisen und Spielreisen unterteilt. Die Trainingsreisen finden im Fr\u00fchjahr statt und bieten die Gelegenheit, vor jedem Spieltag ausgiebig zu trainieren. Dabei wird individuell mit jedem Einzelnen und in der Gruppe trainiert. Auf dem Platz steht zu unterschiedlichen Spielformen die Taktik im Vordergrund. Nat\u00fcrlich kommt der Spa\u00df unter unserer Anleitung niemals zu kurz!<\/p>\n<p>Die Spielreisen, die ab September stattfinden, stehen unter dem Motto &#8222;Spa\u00df, Kultur &amp; Golf&#8220;. Hier geht es darum, verschiedene Spielformen kennenzulernen, w\u00e4hrend Sie gleichzeitig die individuelle Golfunterst\u00fctzung durch uns genie\u00dfen k\u00f6nnen. Dar\u00fcber hinaus bieten die Destinationen auch kulturelle Highlights, die Ihre Reise noch interessanter gestalten werden.<\/p>\n<p><strong><big>Spielreisen<\/big><br \/>\n07. bis 14. November 26 \/ Travel Open 2026 &#8211; Tunesien Hammamet<\/strong><br \/>\nEine Turnierreise gespickt mit vielen \u00dcberraschungen auf und neben dem Golfplatz. Gc Citrus mit seinen spektakul\u00e4ren 36 L\u00f6chern ist f\u00fcr alle Hdcp Klassen einfach Magic. Wohnen und genie\u00dfen im 5 Sterne Hotel Magic Life AL. Somit bietet diese 3.te Travel Open Reise die wichtigsten Faktoren:<br \/>\nGolf, Sonne, Genuss, Spa\u00df und Magic\u2026<\/p>\n<p>Die Ausschreibung findet Ihr hier: <a href=\"https:\/\/lara-golf.de\/wp-content\/uploads\/2026\/01\/2026-Tunesien-November-Travel-.pdf\" target=\"_blank\" rel=\"noopener\">Travel Open &#8211; 7. bis 14. November<\/a><\/p>\n<p>Reservierungen nimmt das Reiseb\u00fcro sehr gerne per Mail entgegen.<\/p>\n<p><strong>14. bis 21. November 26 \/ Matchplay <span style=\"color: #ff0000;\">Rot<\/span> gegen Schwarz &#8211; Tunesien Hammamet<\/strong><br \/>\nZum\u00a0<b>5<\/b>. Mal hei\u00dft es\u00a0<b>Schwarz<\/b> gegen <strong>Rot <\/strong><span style=\"color: #ff0000;\">\u00a0<\/span>\u2013 ein besonderes Golfduell vor traumhafter Kulisse. Gespielt werden\u00a0<b>5 Golfrunden<\/b> auf den renommierten Pl\u00e4tzen La F\u00f4ret, Les\u00a0Oliviers und im Golfclub Port El Kantaoui.<\/p>\n<p>Untergebracht sind wir stilvoll: Wohnen und genie\u00dfen im\u00a0<b>5* Hotel<\/b>\u00a0Magic Life Africana.<\/p>\n<p>Golf, Genuss, Sonne, Spa\u00df und Spannung \u2013 die\u00a0<b>5<\/b> wichtigsten Faktoren dieser\u00a0unvergesslichen Golfreise nach Tunesien im November 2026.<\/p>\n<p>Die Ausschreibung findet Ihr hier: <a href=\"https:\/\/lara-golf.de\/wp-content\/uploads\/2026\/01\/2026-Tunesien-November-2026-rot-schwarz-.pdf\" target=\"_blank\" rel=\"noopener\">Rot gegen Schwarz &#8211; 14. bis 21. November<\/a><\/p>\n<p>Reservierungen nimmt das Reiseb\u00fcro sehr gerne per Mail entgegen.<\/p>\n<p><strong><big>Ausblick 2027<\/big><\/strong><\/p>\n<p>Die n\u00e4chsten Reiseziele stehen bereits fest. Gerne setze ich Euch auf die Vorabreservierungsliste.<\/p>\n<p><big><strong>Trainingsreisen<\/strong><\/big><br \/>\nM\u00e4rz nach Lanzarote<\/p>\n<p><big><strong>Spielreisen<br \/>\n<\/strong><\/big>16. bis 23. Oktober auf die Azoren<br \/>\nNovember<\/p>\n<p>&nbsp;[\/vc_column_text][\/vc_column][\/vc_row]<\/p>\n<\/section>","protected":false},"excerpt":{"rendered":"<p>[vc_row][vc_column][vc_column_text][vc_row][vc_column width=&#8220;1\/1&#8243;][vc_column_text][\/vc_column_text][\/vc_column][\/vc_row][vc_row][vc_column][vc_column_text]Ausgesuchte Reiseziele, unterschiedliche Themenschwerpunkte und ein rundum organisierter Golfurlaub lassen keine W\u00fcnsche offen. In 2026 geht es gemeinsam mit meiner Mutter Claudia, ebenfalls PGA Proette, zu vielen unterschiedlichen Golfdestinationen. Die einzigartige Kombination von Mutter und Tochter in diesem Beruf, verspricht bereits jetzt schon ein tolles und lehrreiches Golf-Reisevergn\u00fcgen. Die Golfreisen sind in Trainingsreisen und Spielreisen unterteilt. Die Trainingsreisen finden&hellip;<\/p>\n","protected":false},"author":1,"featured_media":0,"parent":0,"menu_order":0,"comment_status":"closed","ping_status":"closed","template":"","meta":{"_mi_skip_tracking":false},"_links":{"self":[{"href":"https:\/\/lara-golf.de\/index.php?rest_route=\/wp\/v2\/pages\/860"}],"collection":[{"href":"https:\/\/lara-golf.de\/index.php?rest_route=\/wp\/v2\/pages"}],"about":[{"href":"https:\/\/lara-golf.de\/index.php?rest_route=\/wp\/v2\/types\/page"}],"author":[{"embeddable":true,"href":"https:\/\/lara-golf.de\/index.php?rest_route=\/wp\/v2\/users\/1"}],"replies":[{"embeddable":true,"href":"https:\/\/lara-golf.de\/index.php?rest_route=%2Fwp%2Fv2%2Fcomments&post=860"}],"version-history":[{"count":114,"href":"https:\/\/lara-golf.de\/index.php?rest_route=\/wp\/v2\/pages\/860\/revisions"}],"predecessor-version":[{"id":1676,"href":"https:\/\/lara-golf.de\/index.php?rest_route=\/wp\/v2\/pages\/860\/revisions\/1676"}],"wp:attachment":[{"href":"https:\/\/lara-golf.de\/index.php?rest_route=%2Fwp%2Fv2%2Fmedia&parent=860"}],"curies":[{"name":"wp","href":"https:\/\/api.w.org\/{rel}","templated":true}]}}