{"id":856,"date":"2019-03-04T17:30:36","date_gmt":"2019-03-04T17:30:36","guid":{"rendered":"http:\/\/lara-golf.de\/?page_id=856"},"modified":"2020-02-05T20:26:34","modified_gmt":"2020-02-05T20:26:34","slug":"trackman-4","status":"publish","type":"page","link":"https:\/\/lara-golf.de\/?page_id=856","title":{"rendered":"Trackman 4"},"content":{"rendered":"<section class=\"wpb-content-wrapper\"><p>[vc_row][vc_column width=&#8220;1\/2&#8243;][vc_video link=&#8220;https:\/\/youtu.be\/2hTvLjD6u8c&#8220;][vc_column_text][\/vc_column_text][\/vc_column][vc_column width=&#8220;1\/2&#8243;][vc_column_text]<\/p>\n<p style=\"text-align: justify;\">Golftraining und Spielerentwicklung erfahren derzeit au\u00dferordentliche Ver\u00e4nderungen. Technologie ist ein wesentlicher Bestandteil dabei. Das skizzieren einer \u201eSchwung DNA\u201c ist nun m\u00f6glich, genau wie die Quantifizierung und der Vergleich von Schwunggef\u00fchl und Realit\u00e4t.<\/p>\n<p style=\"text-align: justify;\">2 synchronisierte Radar-Systeme anstatt einem Radar f\u00fcr maximale Genauigkeit der Daten und verbesserte Messbarkeit von Schl\u00e4gerdaten. Durch das fokussierte, hochaufl\u00f6sende Impact Radar des TrackMan 4 bekommen Sie die genauesten Schl\u00e4ger- und Balldaten im Treffmoment. Damit wird der Kontaktpunkt des Balles am Schl\u00e4gerblatt zum ersten Mal sichtbar. Vom Putt \u00fcber den Chip bis zum Drive misst er alle 26 Treffmoment- und Ballfaktoren in weniger als einer Sekunde. Daten in ihrer reinsten Form.<\/p>\n<p>[\/vc_column_text][\/vc_column][\/vc_row][vc_row][vc_column][vc_column_text]<\/p>\n<h4>TRACKMAN EVENTS<\/h4>\n<p>[\/vc_column_text][vc_column_text]<\/p>\n<p style=\"text-align: justify;\">Mit den Trackman Events Personen zusammen bringen und gemeinsam das Trackman Angebot live nutzen. Gestalten Sie mit mir ihr pers\u00f6nliches Golf- Abendteuer. Die M\u00f6glichkeiten den Trackman f\u00fcr Events zu nutzen sind zahlreich. F\u00fcr Firmen und Gruppen ein super Erlebnis, ob als Teambuilding Ma\u00dfnahme, Feier oder einfach als atemberaubendes Golf Abenteuer. Eine Auswahl der beliebtesten Angebote finden sie hier:<\/p>\n<p>\u2022 <strong><a href=\"https:\/\/www.youtube.com\/watch?v=MdYqFCoa3Uk\" target=\"_blank\" rel=\"noopener noreferrer\">Virtual Golf<\/a><\/strong> \u2013 Spielen Sie virtuell eine 9\/18 Loch Runde auf den ber\u00fchmtesten Pl\u00e4tzen der Welt.<\/p>\n<p>\u2022 <strong><a href=\"https:\/\/blog.trackmangolf.com\/feature-of-the-month-target-practice-range\/\" target=\"_blank\" rel=\"noopener noreferrer\">Nearest to the pin<\/a><\/strong> \u2013 W\u00e4hlen Sie ein bekanntes Par 3 Loch aus und spielen nearest to the Pin<\/p>\n<p>\u2022 <strong>Longest Drive<\/strong> \u2013 Wer schl\u00e4gt den l\u00e4ngsten Drive? Korridore k\u00f6nnen beliebig gesetzt werden<br \/>\n*Preis auf Anfrage<\/p>\n<p><strong>Spezial Angebot f\u00fcr Golfturniere \u201eDas Golferlebnis mit nach Hause nehmen\u201c<\/strong><\/p>\n<p style=\"text-align: justify;\">Unter diesem Motto steht das spezielle Angebot f\u00fcr Golfturniere. Der Trackman wird an einem Tee Ihrer Wahl positioniert und nimmt jeden Abschlag der Teilnehmer mit Video und Radarmessung auf. Jeder Golfspieler bekommt am Ende des Turniers eine Email mit seinen Schwungdaten und Videos von mir zugeschickt.<\/p>\n<p>Das Golf-Erlebnis kommt mit nach Hause!<br \/>\n*Preis auf Anfrage[\/vc_column_text][\/vc_column][\/vc_row][vc_row][vc_column][\/vc_column][\/vc_row][vc_row][vc_column][\/vc_column][\/vc_row]<\/p>\n<\/section>","protected":false},"excerpt":{"rendered":"<p>[vc_row][vc_column width=&#8220;1\/2&#8243;][vc_video link=&#8220;https:\/\/youtu.be\/2hTvLjD6u8c&#8220;][vc_column_text][\/vc_column_text][\/vc_column][vc_column width=&#8220;1\/2&#8243;][vc_column_text] Golftraining und Spielerentwicklung erfahren derzeit au\u00dferordentliche Ver\u00e4nderungen. Technologie ist ein wesentlicher Bestandteil dabei. Das skizzieren einer \u201eSchwung DNA\u201c ist nun m\u00f6glich, genau wie die Quantifizierung und der Vergleich von Schwunggef\u00fchl und Realit\u00e4t. 2 synchronisierte Radar-Systeme anstatt einem Radar f\u00fcr maximale Genauigkeit der Daten und verbesserte Messbarkeit von Schl\u00e4gerdaten. Durch das fokussierte, hochaufl\u00f6sende Impact Radar des TrackMan&hellip;<\/p>\n","protected":false},"author":1,"featured_media":0,"parent":0,"menu_order":0,"comment_status":"closed","ping_status":"closed","template":"","meta":{"_mi_skip_tracking":false},"_links":{"self":[{"href":"https:\/\/lara-golf.de\/index.php?rest_route=\/wp\/v2\/pages\/856"}],"collection":[{"href":"https:\/\/lara-golf.de\/index.php?rest_route=\/wp\/v2\/pages"}],"about":[{"href":"https:\/\/lara-golf.de\/index.php?rest_route=\/wp\/v2\/types\/page"}],"author":[{"embeddable":true,"href":"https:\/\/lara-golf.de\/index.php?rest_route=\/wp\/v2\/users\/1"}],"replies":[{"embeddable":true,"href":"https:\/\/lara-golf.de\/index.php?rest_route=%2Fwp%2Fv2%2Fcomments&post=856"}],"version-history":[{"count":9,"href":"https:\/\/lara-golf.de\/index.php?rest_route=\/wp\/v2\/pages\/856\/revisions"}],"predecessor-version":[{"id":1102,"href":"https:\/\/lara-golf.de\/index.php?rest_route=\/wp\/v2\/pages\/856\/revisions\/1102"}],"wp:attachment":[{"href":"https:\/\/lara-golf.de\/index.php?rest_route=%2Fwp%2Fv2%2Fmedia&parent=856"}],"curies":[{"name":"wp","href":"https:\/\/api.w.org\/{rel}","templated":true}]}}