{"id":85,"date":"2017-04-18T12:21:55","date_gmt":"2017-04-18T12:21:55","guid":{"rendered":"http:\/\/lara-golf.de\/?page_id=85"},"modified":"2026-05-06T09:49:28","modified_gmt":"2026-05-06T09:49:28","slug":"golf","status":"publish","type":"page","link":"https:\/\/lara-golf.de\/?page_id=85","title":{"rendered":"Unterricht"},"content":{"rendered":"<section class=\"wpb-content-wrapper\"><p>[vc_row][vc_column width=&#8220;1\/2&#8243;][vc_column_text]<big><br \/>\n<strong>Einzelunterricht (55 Minuten | \u20ac 70 | 1-2 Personen ohne B\u00e4lle)<br \/>\nEinzelunterricht (25 Minuten | \u20ac 35 | 1-2 Personen ohne B\u00e4lle)<\/strong><\/big><br \/>\nMa\u00dfgeschneidertes Training mit modernsten Analysetechniken<br \/>\nSpieltraining auf dem Platz<br \/>\nSaisonale Begleitung anhand eines Trainingsplans<\/p>\n<p><big><strong>Exklusive Themenkurse Mai und Juni 2026<br \/>\n<a href=\"https:\/\/lara-golf.de\/wp-content\/uploads\/2026\/02\/Exklusive-Themenkurse-Mai.pdf\" target=\"_blank\" rel=\"noopener\"><img decoding=\"async\" loading=\"lazy\" class=\"alignnone wp-image-1667 size-medium\" src=\"https:\/\/lara-golf.de\/wp-content\/uploads\/2026\/02\/Mai-213x300.png\" alt=\"\" width=\"213\" height=\"300\" srcset=\"https:\/\/lara-golf.de\/wp-content\/uploads\/2026\/02\/Mai-213x300.png 213w, https:\/\/lara-golf.de\/wp-content\/uploads\/2026\/02\/Mai-370x521.png 370w, https:\/\/lara-golf.de\/wp-content\/uploads\/2026\/02\/Mai.png 623w\" sizes=\"(max-width: 213px) 100vw, 213px\" \/><\/a><a href=\"https:\/\/lara-golf.de\/wp-content\/uploads\/2026\/05\/Exklusive-Themenkurse-Juni.pdf\" target=\"_blank\" rel=\"attachment noopener wp-att-1691\"><img decoding=\"async\" loading=\"lazy\" class=\"alignnone wp-image-1691 size-medium\" src=\"https:\/\/lara-golf.de\/wp-content\/uploads\/2026\/05\/Kurse-Juni-26-212x300.png\" alt=\"\" width=\"212\" height=\"300\" srcset=\"https:\/\/lara-golf.de\/wp-content\/uploads\/2026\/05\/Kurse-Juni-26-212x300.png 212w, https:\/\/lara-golf.de\/wp-content\/uploads\/2026\/05\/Kurse-Juni-26-370x524.png 370w, https:\/\/lara-golf.de\/wp-content\/uploads\/2026\/05\/Kurse-Juni-26.png 560w\" sizes=\"(max-width: 212px) 100vw, 212px\" \/><\/a><\/strong><\/big><\/p>\n<p><strong><big>Trackman Kurse (Preis auf Anfrage)<\/big><\/strong><br \/>\nSchlagl\u00e4ngenermittlung<br \/>\nPr\u00e4zisionstraining<br \/>\nSpeed-Training<\/p>\n<p><strong><big>DGV-Platzreifekurse<\/big><\/strong><br \/>\nEinweisung in die verschiedenen Grundschlagarten des Golfspiels<br \/>\nSpielen auf dem Platz mit den wichtigsten Regeln und Etiketten<br \/>\nErste Schritte in die Golfwelt kennen lernen<\/p>\n<p>DGV-Platzreifekurse werden direkt \u00fcber den Royal Saint Barbara&#8217;s Golfclub Dortmund angeboten. Au\u00dferhalb dieser Angebote besteht f\u00fcr Sie die M\u00f6glichkeit, die DGV-Platzreife individuell im Einzel- und Gruppenunterricht zu erlangen. Kontaktieren Sie mich hierzu.[\/vc_column_text][\/vc_column][vc_column width=&#8220;1\/2&#8243;][vc_column_text]<big><br \/>\n<strong>Gruppenunterricht (55 Minuten | \u20ac 80 | 3-8 Personen\/ohne B\u00e4lle)<\/strong><\/big><br \/>\nGemeinsam und doch individuell<br \/>\nKurzes und langes Spiel<br \/>\nPlatzstrategie<\/p>\n<p><strong><big>Schnupper- oder Firmenkurse (Preis auf Anfrage)<\/big><\/strong><br \/>\nEinf\u00fchrung in die Geheimnisse des Golfspiels<br \/>\nSpa\u00df mit Ihren Freunden und Bekannten<br \/>\nUnvergessliche Golf-Events<\/p>\n<p><strong><big>Schl\u00e4ger- Ball-Fitting (Preis auf Anfrage)<\/big><\/strong><br \/>\nRadargest\u00fctzte Ist-Stand Analyse ihres Equipments<br \/>\nOptimierung der Ergebnisse durch individuelle Anpassung<br \/>\nHarmonisierung zwischen Schl\u00e4ger und Ball<\/p>\n<p><strong><big>Jugend-Camps (Preis auf Anfrage)<\/big><\/strong><br \/>\nSpiel und Spa\u00df auf der Range und auf dem Platz<\/p>\n<p><strong><big>Eventmanagerin bei Golfturnieren (Preis auf Anfrage)<br \/>\n<\/big><\/strong>Professionelle Unterst\u00fctzung bei der Organisation und Durchf\u00fchrung von Firmenevents und Turnierveranstaltungen[\/vc_column_text][\/vc_column][vc_column][vc_column_text]<big><br \/>\n<strong>Stornobedingungen<\/strong><\/big><br \/>\nEinzelstunden: Absage bis 24 Stunden vorher kostenfrei, danach Berechnung des vollen Stundensatzes.<br \/>\nIndividuelle Kurse: Absage bis 7 Tage vor Kursbeginn kostenfrei, bis 2 Tage vor Kursbeginn 50% der Kursgeb\u00fchr, danach ist die volle Kursgeb\u00fchr zu bezahlen.[\/vc_column_text][\/vc_column][\/vc_row][vc_row][vc_column width=&#8220;1\/2&#8243;][vc_empty_space alter_height=&#8220;medium&#8220; hide_on_mobile=&#8220;&#8220;][vc_btn title=&#8220;Grundwissen Golfentdecker&#8220; color=&#8220;chino&#8220; size=&#8220;lg&#8220; link=&#8220;url:http%3A%2F%2Flara-golf.de%2Fwp-content%2Fuploads%2F2019%2F03%2FEntdeckerbroschuere_2019.pdf||target:%20_blank|&#8220;][vc_btn title=&#8220;DGV-Regelquiz&#8220; color=&#8220;chino&#8220; size=&#8220;lg&#8220; link=&#8220;url:http%3A%2F%2Fwww.golf.de%2Fregeln%2Fregelquiz.html||target:%20_blank|&#8220;][\/vc_column][vc_column width=&#8220;1\/2&#8243;][vc_empty_space alter_height=&#8220;medium&#8220; hide_on_mobile=&#8220;&#8220;][\/vc_column][\/vc_row][vc_row][vc_column][\/vc_column][\/vc_row]<\/p>\n<\/section>","protected":false},"excerpt":{"rendered":"<p>[vc_row][vc_column width=&#8220;1\/2&#8243;][vc_column_text] Einzelunterricht (55 Minuten | \u20ac 70 | 1-2 Personen ohne B\u00e4lle) Einzelunterricht (25 Minuten | \u20ac 35 | 1-2 Personen ohne B\u00e4lle) Ma\u00dfgeschneidertes Training mit modernsten Analysetechniken Spieltraining auf dem Platz Saisonale Begleitung anhand eines Trainingsplans Exklusive Themenkurse Mai und Juni 2026 Trackman Kurse (Preis auf Anfrage) Schlagl\u00e4ngenermittlung Pr\u00e4zisionstraining Speed-Training DGV-Platzreifekurse Einweisung in die verschiedenen Grundschlagarten des Golfspiels&hellip;<\/p>\n","protected":false},"author":1,"featured_media":0,"parent":0,"menu_order":0,"comment_status":"closed","ping_status":"closed","template":"","meta":{"_mi_skip_tracking":false},"_links":{"self":[{"href":"https:\/\/lara-golf.de\/index.php?rest_route=\/wp\/v2\/pages\/85"}],"collection":[{"href":"https:\/\/lara-golf.de\/index.php?rest_route=\/wp\/v2\/pages"}],"about":[{"href":"https:\/\/lara-golf.de\/index.php?rest_route=\/wp\/v2\/types\/page"}],"author":[{"embeddable":true,"href":"https:\/\/lara-golf.de\/index.php?rest_route=\/wp\/v2\/users\/1"}],"replies":[{"embeddable":true,"href":"https:\/\/lara-golf.de\/index.php?rest_route=%2Fwp%2Fv2%2Fcomments&post=85"}],"version-history":[{"count":50,"href":"https:\/\/lara-golf.de\/index.php?rest_route=\/wp\/v2\/pages\/85\/revisions"}],"predecessor-version":[{"id":1696,"href":"https:\/\/lara-golf.de\/index.php?rest_route=\/wp\/v2\/pages\/85\/revisions\/1696"}],"wp:attachment":[{"href":"https:\/\/lara-golf.de\/index.php?rest_route=%2Fwp%2Fv2%2Fmedia&parent=85"}],"curies":[{"name":"wp","href":"https:\/\/api.w.org\/{rel}","templated":true}]}}